{"id":191,"date":"2013-03-27T19:45:28","date_gmt":"2013-03-27T19:45:28","guid":{"rendered":"http:\/\/tapas.azurewebsites.net\/?page_id=191"},"modified":"2013-03-27T19:45:28","modified_gmt":"2013-03-27T19:45:28","slug":"contacto","status":"publish","type":"page","link":"https:\/\/www.therapy-tapas.org\/?page_id=191","title":{"rendered":"Contacto"},"content":{"rendered":"<p style=\"text-align: right;\">[<a title=\"Contact\" href=\"http:\/\/tapas.azurewebsites.net\/?page_id=211\">EN<\/a>]<\/p>\n<p>Si est\u00e1s interesado\/a en participar en alguno de nuestros proyectos (Polonia, Nicaragua, Argentina, India) no dudes en enviarnos un mail indicando tu nombre y direcci\u00f3n, y expl\u00edcanos brevemente tu motivaci\u00f3n e inter\u00e9s por el proyecto.<br \/>\nPuedes adjuntar tambi\u00e9n tu Curriculum Vitae.<\/p>\n<p><b>Emails de contacto:<\/b><\/p>\n<p>Presidenta: Patricia Jovellar\u00a0 <i>\u00a0<\/i><br \/>\n<i>patricia -at- therapy-tapas.org<\/i><\/p>\n<p>Coordinadora Espa\u00f1a: Cristina de Diego\u00a0 <i>\u00a0<\/i><br \/>\n<i>cristina -at- therapy-tapas.org<\/i><\/p>\n<p>Coordinador B\u00e9lgica: Luc Vercruysse<br \/>\n<i>luc-at- therapy-tapas.org<\/i><\/p>\n","protected":false},"excerpt":{"rendered":"<p>[EN] Si est\u00e1s interesado\/a en participar en alguno de nuestros proyectos (Polonia, Nicaragua, Argentina, India) no dudes en enviarnos un mail indicando tu nombre y direcci\u00f3n, y expl\u00edcanos brevemente tu motivaci\u00f3n e inter\u00e9s por el proyecto. Puedes adjuntar tambi\u00e9n tu Curriculum Vitae. Emails de contacto: Presidenta: Patricia Jovellar\u00a0 \u00a0 patricia -at- therapy-tapas.org Coordinadora Espa\u00f1a: Cristina [&hellip;]<\/p>\n","protected":false},"author":1,"featured_media":0,"parent":0,"menu_order":0,"comment_status":"closed","ping_status":"closed","template":"","meta":{"_monsterinsights_skip_tracking":false,"_monsterinsights_sitenote_active":false,"_monsterinsights_sitenote_note":"","_monsterinsights_sitenote_category":0,"footnotes":""},"class_list":["post-191","page","type-page","status-publish","hentry"],"publishpress_future_action":{"enabled":false,"date":"2026-05-03 14:00:52","action":"change-status","newStatus":"draft","terms":[],"taxonomy":"","extraData":[]},"publishpress_future_workflow_manual_trigger":{"enabledWorkflows":[]},"_links":{"self":[{"href":"https:\/\/www.therapy-tapas.org\/index.php?rest_route=\/wp\/v2\/pages\/191","targetHints":{"allow":["GET"]}}],"collection":[{"href":"https:\/\/www.therapy-tapas.org\/index.php?rest_route=\/wp\/v2\/pages"}],"about":[{"href":"https:\/\/www.therapy-tapas.org\/index.php?rest_route=\/wp\/v2\/types\/page"}],"author":[{"embeddable":true,"href":"https:\/\/www.therapy-tapas.org\/index.php?rest_route=\/wp\/v2\/users\/1"}],"replies":[{"embeddable":true,"href":"https:\/\/www.therapy-tapas.org\/index.php?rest_route=%2Fwp%2Fv2%2Fcomments&post=191"}],"version-history":[{"count":0,"href":"https:\/\/www.therapy-tapas.org\/index.php?rest_route=\/wp\/v2\/pages\/191\/revisions"}],"wp:attachment":[{"href":"https:\/\/www.therapy-tapas.org\/index.php?rest_route=%2Fwp%2Fv2%2Fmedia&parent=191"}],"curies":[{"name":"wp","href":"https:\/\/api.w.org\/{rel}","templated":true}]}}