{"id":1724,"date":"2018-04-23T10:25:36","date_gmt":"2018-04-23T10:25:36","guid":{"rendered":"http:\/\/www.therapy-tapas.org\/?page_id=1724"},"modified":"2018-05-03T18:08:46","modified_gmt":"2018-05-03T18:08:46","slug":"privacidad","status":"publish","type":"page","link":"https:\/\/www.therapy-tapas.org\/?page_id=1724","title":{"rendered":"Privacidad"},"content":{"rendered":"<p>Tomamos muy en serio tu privacidad.<\/p>\n<ul>\n<li>El uso de cookies es imprescindible para el\u00a0funcionamiento del sistema de gesti\u00f3n de contenidos de este sitio (WordPress).<\/li>\n<li>Usamos un script y cookies de Google analytics para coleccionar (de manera anonimizada) estad\u00edsticas de visitas.<\/li>\n<li>Si dispones de un perfil en este sitio, ese perfil contiene nombre de usuario, contrase\u00f1a y direcci\u00f3n de correo (para poder restablacer tu contrase\u00f1a). Ver\u00e1s todos esos datos despu\u00e9s de entrar con la contrase\u00f1a.<\/li>\n<li>Por lo dem\u00e1s no recogemos datos de ninguna manera.<\/li>\n<li>No mostramos ning\u00fan contenido externo\u00a0&#8211; anuncios o similar\u00a0 &#8211; excepto lo absolutamente necesario para el funcionamiento del sitio (script y estad\u00edsticas)<\/li>\n<li>El uso de este sitio implica el acuerdo con el uso de estos cookies.<\/li>\n<li>En\u00a0http:\/\/www.aboutcookies.org\/ se describe c\u00f3mo gestionar los cookies.<\/li>\n<\/ul>\n","protected":false},"excerpt":{"rendered":"<p>Tomamos muy en serio tu privacidad. El uso de cookies es imprescindible para el\u00a0funcionamiento del sistema de gesti\u00f3n de contenidos de este sitio (WordPress). Usamos un script y cookies de Google analytics para coleccionar (de manera anonimizada) estad\u00edsticas de visitas. Si dispones de un perfil en este sitio, ese perfil contiene nombre de usuario, contrase\u00f1a [&hellip;]<\/p>\n","protected":false},"author":1,"featured_media":0,"parent":0,"menu_order":0,"comment_status":"closed","ping_status":"closed","template":"","meta":{"_monsterinsights_skip_tracking":false,"_monsterinsights_sitenote_active":false,"_monsterinsights_sitenote_note":"","_monsterinsights_sitenote_category":0,"footnotes":""},"class_list":["post-1724","page","type-page","status-publish","hentry"],"publishpress_future_action":{"enabled":false,"date":"2026-05-03 14:14:03","action":"change-status","newStatus":"draft","terms":[],"taxonomy":"","extraData":[]},"publishpress_future_workflow_manual_trigger":{"enabledWorkflows":[]},"_links":{"self":[{"href":"https:\/\/www.therapy-tapas.org\/index.php?rest_route=\/wp\/v2\/pages\/1724","targetHints":{"allow":["GET"]}}],"collection":[{"href":"https:\/\/www.therapy-tapas.org\/index.php?rest_route=\/wp\/v2\/pages"}],"about":[{"href":"https:\/\/www.therapy-tapas.org\/index.php?rest_route=\/wp\/v2\/types\/page"}],"author":[{"embeddable":true,"href":"https:\/\/www.therapy-tapas.org\/index.php?rest_route=\/wp\/v2\/users\/1"}],"replies":[{"embeddable":true,"href":"https:\/\/www.therapy-tapas.org\/index.php?rest_route=%2Fwp%2Fv2%2Fcomments&post=1724"}],"version-history":[{"count":0,"href":"https:\/\/www.therapy-tapas.org\/index.php?rest_route=\/wp\/v2\/pages\/1724\/revisions"}],"wp:attachment":[{"href":"https:\/\/www.therapy-tapas.org\/index.php?rest_route=%2Fwp%2Fv2%2Fmedia&parent=1724"}],"curies":[{"name":"wp","href":"https:\/\/api.w.org\/{rel}","templated":true}]}}