{"id":1689,"date":"2018-02-16T18:02:46","date_gmt":"2018-02-16T18:02:46","guid":{"rendered":"http:\/\/www.therapy-tapas.org\/?page_id=1689"},"modified":"2018-02-19T10:26:10","modified_gmt":"2018-02-19T10:26:10","slug":"comite-de-tapas","status":"publish","type":"page","link":"https:\/\/www.therapy-tapas.org\/?page_id=1689","title":{"rendered":"Comit\u00e9 de TAPAS"},"content":{"rendered":"<ul>\n<li>Luc Vercruysse<br \/>\nCoordenador internacional de TAPA<br \/>\nlucvercruysse0554 -at gmail.com<\/li>\n<li>Mieke Lembrechts (Teacher in special education )<br \/>\nCoordenadora TAPAS B\u00e9lgica<br \/>\nmieke.lembrechts -at -skynet.be<\/li>\n<li>Cristina de Diego Alonso<br \/>\nCoordenadora TAPAS Espa\u00f1a<br \/>\ncristinadediegoalonso -at- gmail.com<\/li>\n<li>Patricia Jovellar<br \/>\nCoordenadoar TAPAS Espa\u00f1a<br \/>\npjovellar -at- aidimo.org<\/li>\n<li>Evelien Dewachter<br \/>\nCoordenadora B\u00e9lgica<br \/>\nevelien.dewachter -at- odisee.com<\/li>\n<li>\u00a0Agnieszka Ptak<br \/>\nCoordenadora TAPAS Polonia<br \/>\nptak_agnieszka -at- wp.pl<\/li>\n<li>Justyna Kuzdrowska<br \/>\nCoordenadoar Polonia<br \/>\nj_stachowska -at- o2.pl<\/li>\n<li>Reninka Dekoker<br \/>\nCoordenadora Nicaragua<br \/>\nreninka.dekoker -at- odisee.be<\/li>\n<\/ul>\n","protected":false},"excerpt":{"rendered":"<p>Luc Vercruysse Coordenador internacional de TAPA lucvercruysse0554 -at gmail.com Mieke Lembrechts (Teacher in special education ) Coordenadora TAPAS B\u00e9lgica mieke.lembrechts -at -skynet.be Cristina de Diego Alonso Coordenadora TAPAS Espa\u00f1a cristinadediegoalonso -at- gmail.com Patricia Jovellar Coordenadoar TAPAS Espa\u00f1a pjovellar -at- aidimo.org Evelien Dewachter Coordenadora B\u00e9lgica evelien.dewachter -at- odisee.com \u00a0Agnieszka Ptak Coordenadora TAPAS Polonia ptak_agnieszka -at- wp.pl [&hellip;]<\/p>\n","protected":false},"author":1,"featured_media":0,"parent":0,"menu_order":0,"comment_status":"closed","ping_status":"closed","template":"","meta":{"_monsterinsights_skip_tracking":false,"_monsterinsights_sitenote_active":false,"_monsterinsights_sitenote_note":"","_monsterinsights_sitenote_category":0,"footnotes":""},"class_list":["post-1689","page","type-page","status-publish","hentry"],"publishpress_future_action":{"enabled":false,"date":"2026-05-03 14:17:00","action":"change-status","newStatus":"draft","terms":[],"taxonomy":"","extraData":[]},"publishpress_future_workflow_manual_trigger":{"enabledWorkflows":[]},"_links":{"self":[{"href":"https:\/\/www.therapy-tapas.org\/index.php?rest_route=\/wp\/v2\/pages\/1689","targetHints":{"allow":["GET"]}}],"collection":[{"href":"https:\/\/www.therapy-tapas.org\/index.php?rest_route=\/wp\/v2\/pages"}],"about":[{"href":"https:\/\/www.therapy-tapas.org\/index.php?rest_route=\/wp\/v2\/types\/page"}],"author":[{"embeddable":true,"href":"https:\/\/www.therapy-tapas.org\/index.php?rest_route=\/wp\/v2\/users\/1"}],"replies":[{"embeddable":true,"href":"https:\/\/www.therapy-tapas.org\/index.php?rest_route=%2Fwp%2Fv2%2Fcomments&post=1689"}],"version-history":[{"count":0,"href":"https:\/\/www.therapy-tapas.org\/index.php?rest_route=\/wp\/v2\/pages\/1689\/revisions"}],"wp:attachment":[{"href":"https:\/\/www.therapy-tapas.org\/index.php?rest_route=%2Fwp%2Fv2%2Fmedia&parent=1689"}],"curies":[{"name":"wp","href":"https:\/\/api.w.org\/{rel}","templated":true}]}}