{"id":1687,"date":"2018-02-16T18:00:41","date_gmt":"2018-02-16T18:00:41","guid":{"rendered":"http:\/\/www.therapy-tapas.org\/?page_id=1687"},"modified":"2018-02-19T10:25:37","modified_gmt":"2018-02-19T10:25:37","slug":"tapas-board","status":"publish","type":"page","link":"https:\/\/www.therapy-tapas.org\/?page_id=1687","title":{"rendered":"TAPAS board"},"content":{"rendered":"<ul>\n<li>Luc Vercruysse<br \/>\nCoordinator TAPAS International<br \/>\nlucvercruysse0554 -at gmail.com<\/li>\n<li>Mieke Lembrechts (Teacher in special education )<br \/>\nCoordinator TAPAS Belgi\u00eb<br \/>\nMieke.lembrechts -at -skynet.be<\/li>\n<li>Cristina de Diego Alonso<br \/>\nCoordinator TAPAS Espa\u00f1a<br \/>\ncristinadediegoalonso -at- gmail.com<\/li>\n<li>Patricia Jovellar<br \/>\nCoordinator TAPAS Espa\u00f1a<br \/>\npjovellar -at- aidimo.org<\/li>\n<li>Evelien Dewachter<br \/>\nCoordiantor Belgi\u00eb<br \/>\nevelien.dewachter -at- odisee.com<\/li>\n<li>\u00a0Agnieszka Ptak<br \/>\nCoordinator TAPAS Poland<br \/>\nptak_agnieszka -at- wp.pl<\/li>\n<li>Justyna Kuzdrowska<br \/>\nCoordinator Poland<br \/>\nj_stachowska -at- o2.pl<\/li>\n<li>Reninka Dekoker<br \/>\nCoordinator Nicaragua<br \/>\nreninka.dekoker -at- odisee.be<\/li>\n<\/ul>\n","protected":false},"excerpt":{"rendered":"<p>Luc Vercruysse Coordinator TAPAS International lucvercruysse0554 -at gmail.com Mieke Lembrechts (Teacher in special education ) Coordinator TAPAS Belgi\u00eb Mieke.lembrechts -at -skynet.be Cristina de Diego Alonso Coordinator TAPAS Espa\u00f1a cristinadediegoalonso -at- gmail.com Patricia Jovellar Coordinator TAPAS Espa\u00f1a pjovellar -at- aidimo.org Evelien Dewachter Coordiantor Belgi\u00eb evelien.dewachter -at- odisee.com \u00a0Agnieszka Ptak Coordinator TAPAS Poland ptak_agnieszka -at- wp.pl Justyna [&hellip;]<\/p>\n","protected":false},"author":1,"featured_media":0,"parent":0,"menu_order":0,"comment_status":"closed","ping_status":"closed","template":"","meta":{"_monsterinsights_skip_tracking":false,"_monsterinsights_sitenote_active":false,"_monsterinsights_sitenote_note":"","_monsterinsights_sitenote_category":0,"footnotes":""},"class_list":["post-1687","page","type-page","status-publish","hentry"],"publishpress_future_action":{"enabled":false,"date":"2026-05-03 14:18:28","action":"change-status","newStatus":"draft","terms":[],"taxonomy":"","extraData":[]},"publishpress_future_workflow_manual_trigger":{"enabledWorkflows":[]},"_links":{"self":[{"href":"https:\/\/www.therapy-tapas.org\/index.php?rest_route=\/wp\/v2\/pages\/1687","targetHints":{"allow":["GET"]}}],"collection":[{"href":"https:\/\/www.therapy-tapas.org\/index.php?rest_route=\/wp\/v2\/pages"}],"about":[{"href":"https:\/\/www.therapy-tapas.org\/index.php?rest_route=\/wp\/v2\/types\/page"}],"author":[{"embeddable":true,"href":"https:\/\/www.therapy-tapas.org\/index.php?rest_route=\/wp\/v2\/users\/1"}],"replies":[{"embeddable":true,"href":"https:\/\/www.therapy-tapas.org\/index.php?rest_route=%2Fwp%2Fv2%2Fcomments&post=1687"}],"version-history":[{"count":0,"href":"https:\/\/www.therapy-tapas.org\/index.php?rest_route=\/wp\/v2\/pages\/1687\/revisions"}],"wp:attachment":[{"href":"https:\/\/www.therapy-tapas.org\/index.php?rest_route=%2Fwp%2Fv2%2Fmedia&parent=1687"}],"curies":[{"name":"wp","href":"https:\/\/api.w.org\/{rel}","templated":true}]}}