{"id":101,"date":"2013-03-27T18:36:14","date_gmt":"2013-03-27T18:36:14","guid":{"rendered":"http:\/\/tapas.azurewebsites.net\/?page_id=101"},"modified":"2019-03-13T16:32:27","modified_gmt":"2019-03-13T16:32:27","slug":"que-es-tapas","status":"publish","type":"page","link":"https:\/\/www.therapy-tapas.org\/?page_id=101","title":{"rendered":"\u00bfQu\u00e9 es TAPAS?"},"content":{"rendered":"<p style=\"text-align: right;\">[<a title=\"What is TAPAS?\" href=\"http:\/\/tapas.azurewebsites.net\/?page_id=121\">EN<\/a>]<\/p>\n<p>La Asociaci\u00f3n <b>Therapy for All Persons in All Situations &#8220;TAPAS&#8221;<\/b> <i>(Terapia para todas las personas en todas la situaciones)<\/i> esta formada por un equipo multidisciplinar de profesionales sanitarios y sociales <i>(Terapeutas Ocupacionales, Fisioterapeutas, Enfermeras, Psic\u00f3logos, Trabajadores Sociales y Profesores de Educaci\u00f3n Especial)<\/i> de diferentes paises: Espa\u00f1a, B\u00e9lgica, Finlandia, Polonia y Dinamarca.<\/p>\n<blockquote><p>Nuestro principal objetivo es la difusi\u00f3n de proyectos de cooperaci\u00f3n internacional en el \u00e1mbito de actuaci\u00f3n de la Terapia Ocupacional y otras disciplinas afines, as\u00ed como dar apoyo a iniciativas locales y de investigaci\u00f3n.<\/p><\/blockquote>\n<p>Actualmente uno de nuestros focos de actuaci\u00f3n se sit\u00faa en Nicaragua, donde nos proponemos formar y capacitar a estudiantes y profesionales\u00a0 en intervenci\u00f3n terap\u00e9utica. El objetivo es mejorar sus habilidades terap\u00e9uticas para incrementar la calidad de vida de las personas que, debido a una situaci\u00f3n de exclusi\u00f3n socio-econ\u00f3mica, no est\u00e1n recibiendo la asistencia sanitaria ni social que precisan. Se trata de desarrollar un postgrado en salud para capacitar a nivel universitario a la poblaci\u00f3n nicaraguense.<br \/>\n***<br \/>\n<b>NUESTROS OBJETIVOS<\/b><br \/>\n<b>a)<\/b> <b>Difundir<\/b> proyectos de cooperaci\u00f3n internacional relacionados con la Terapia Ocupacional y otras disciplinas afines, en los cuales la poblaci\u00f3n diana viva una situaci\u00f3n desfavorecida a nivel social, terap\u00e9utico, econ\u00f3mico\u2026<br \/>\n<b>b) Organizar<\/b> de congresos, cursos, seminarios, jornadas para formar a profesionales sanitarios relacionados con poblaciones en situaciones desfavorecidas<br \/>\n<b>c) Asesorar <\/b>y apoyar a todas las personas interesadas que acudan a la Asociaci\u00f3n.<br \/>\n<b>e) Asistir<\/b> con Terapia Ocupacional y otras disciplinas afines a aquellas personas que lo soliciten debido a su situaci\u00f3n de exclusi\u00f3n.<br \/>\n<b>f) Realizar<\/b> Convenios de Colaboraci\u00f3n con diferentes organismos p\u00fablicos.<\/p>\n","protected":false},"excerpt":{"rendered":"<p>[EN] La Asociaci\u00f3n Therapy for All Persons in All Situations &#8220;TAPAS&#8221; (Terapia para todas las personas en todas la situaciones) esta formada por un equipo multidisciplinar de profesionales sanitarios y sociales (Terapeutas Ocupacionales, Fisioterapeutas, Enfermeras, Psic\u00f3logos, Trabajadores Sociales y Profesores de Educaci\u00f3n Especial) de diferentes paises: Espa\u00f1a, B\u00e9lgica, Finlandia, Polonia y Dinamarca. Nuestro principal objetivo [&hellip;]<\/p>\n","protected":false},"author":1,"featured_media":0,"parent":0,"menu_order":0,"comment_status":"closed","ping_status":"closed","template":"","meta":{"_monsterinsights_skip_tracking":false,"_monsterinsights_sitenote_active":false,"_monsterinsights_sitenote_note":"","_monsterinsights_sitenote_category":0,"footnotes":""},"class_list":["post-101","page","type-page","status-publish","hentry"],"publishpress_future_action":{"enabled":false,"date":"2026-05-03 14:15:02","action":"change-status","newStatus":"draft","terms":[],"taxonomy":"","extraData":[]},"publishpress_future_workflow_manual_trigger":{"enabledWorkflows":[]},"_links":{"self":[{"href":"https:\/\/www.therapy-tapas.org\/index.php?rest_route=\/wp\/v2\/pages\/101","targetHints":{"allow":["GET"]}}],"collection":[{"href":"https:\/\/www.therapy-tapas.org\/index.php?rest_route=\/wp\/v2\/pages"}],"about":[{"href":"https:\/\/www.therapy-tapas.org\/index.php?rest_route=\/wp\/v2\/types\/page"}],"author":[{"embeddable":true,"href":"https:\/\/www.therapy-tapas.org\/index.php?rest_route=\/wp\/v2\/users\/1"}],"replies":[{"embeddable":true,"href":"https:\/\/www.therapy-tapas.org\/index.php?rest_route=%2Fwp%2Fv2%2Fcomments&post=101"}],"version-history":[{"count":1,"href":"https:\/\/www.therapy-tapas.org\/index.php?rest_route=\/wp\/v2\/pages\/101\/revisions"}],"predecessor-version":[{"id":1826,"href":"https:\/\/www.therapy-tapas.org\/index.php?rest_route=\/wp\/v2\/pages\/101\/revisions\/1826"}],"wp:attachment":[{"href":"https:\/\/www.therapy-tapas.org\/index.php?rest_route=%2Fwp%2Fv2%2Fmedia&parent=101"}],"curies":[{"name":"wp","href":"https:\/\/api.w.org\/{rel}","templated":true}]}}